{"id":1150,"date":"2019-10-22T09:30:27","date_gmt":"2019-10-22T09:30:27","guid":{"rendered":"https:\/\/www.ardeasolutions.eu\/clone\/?page_id=1150"},"modified":"2021-04-15T08:26:44","modified_gmt":"2021-04-15T08:26:44","slug":"voorbereiding-plaatsing","status":"publish","type":"page","link":"https:\/\/www.ardeasolutions.eu\/clone\/voorbereiding-plaatsing\/","title":{"rendered":"Voorbereiding plaatsing"},"content":{"rendered":"<div  data-label=\"About\" data-id=\"about--1\" data-export-id=\"about-1\" data-category=\"about\" class=\"about-1 content-section\" id=\"about-1\" style=\"background-color: rgb(255, 255, 255);\"><div  class=\"gridContainer\"> <div  class=\"row text-center\"><div  class=\"section-title-col\" data-type=\"column\">  <h2  class=\"\">Voor een technieker bij u een plaatsing doet dient u de volgende zaken in orde te brengen.\n<\/h2> <p  class=\"lead\">Heeft u vragen over \u00e9\u00e9n of meerdere van de hieronder beschreven punten, aarzel niet om ons een e-mail (support@ardeasolutions.eu ) te sturen.<\/p><\/div> <\/div> <div  class=\"row\"> <div  class=\"button-holder space-bottom space-bottom-small\" data-type=\"column\"> <\/div> <div  class=\"col-xs bottom-xs flexbox image-group-bottom-3-img space-bottom-xs center-xs\"> <img decoding=\"async\"  class=\"left-img shadow-large-black\" data-size=\"500x300\" src=\"https:\/\/www.ardeasolutions.eu\/clone\/wp-content\/uploads\/2019\/10\/cropped-th.jpg\" alt=\"\" title=\"cropped-th.jpg\"> <img decoding=\"async\"  class=\"center-img shadow-large-black\" data-size=\"500x300\" src=\"https:\/\/www.ardeasolutions.eu\/clone\/wp-content\/uploads\/2019\/10\/cropped-gaten-boren-muur.jpg\" alt=\"\" title=\"cropped-gaten-boren-muur.jpg\"> <img decoding=\"async\"  class=\"right-img shadow-large-black\" data-size=\"500x300\" src=\"https:\/\/www.ardeasolutions.eu\/clone\/wp-content\/uploads\/2019\/10\/cropped-Carburatie2_original.jpg\" alt=\"\" title=\"cropped-Carburatie2_original.jpg\"><\/div> <\/div><\/div> <\/div><div  data-label=\"Features\" data-id=\"features--1\" data-export-id=\"features-12\" data-category=\"features\" class=\"features-12 content-section content-section-spacing dark-text\" id=\"features-1\" style=\"background-color: rgb(245, 250, 253);\"><div  class=\"gridContainer\"><div  data-section-title-area=\"true\" class=\"row text-center\">   <div  class=\"section-title-col\" data-type=\"column\">       <h2  class=\"\">Voorbereidingen voor alle Arwells<\/h2>       <p  class=\"lead\"><span  style=\"font-family: &quot;Open Sans&quot;, arial, helvetica, sans-serif;\">Bij ontbreken en\/of onvolledige zijn van \u00e9\u00e9n of meerdere van de onderstaande zaken, behoudt onze technieker het recht om de plaatsing geheel of deels niet uit te voeren. Een nieuwe afspraak zal dan worden gemaakt. De verplaatsingskosten zullen u extra in rekening worden gebracht.<\/span><\/p>   <\/div><\/div>  <div  class=\"row spaced-cols\" data-type=\"row\"> <div  class=\"col-sm-6\"> <div  class=\"row space-bottom\"> <div  class=\"col-sm-fit icon-column\"> <i  class=\"fa icon fa-plug bordered round color1\"><\/i> <\/div> <div  class=\"col-sm\" data-type=\"column\"> <h5  class=\"color2\"><span  style=\"color: rgb(30, 115, 190);\">Kabels naar de zonnebanken<\/span><\/h5> <p  class=\"\">U dient kabels te voorzien van <b ><u >iedere<\/u><\/b> zonnebank naar de plek waar de <b ><u >sturing<\/u><\/b> van de Arwell zal worden ge\u00efnstalleerd. Gebruik hiervoor g\u00e9\u00e9n UTP-kabels (netwerkkabels) omdat deze draden te dun zijn en te snel afbreken.&nbsp;<\/p><\/div> <\/div><\/div> <div  class=\"col-sm-6\"><div  class=\"row space-bottom\"> <div  class=\"col-sm-fit icon-column\"><i  class=\"fa icon fa-flickr bordered round color1\"><\/i><\/div> <div  class=\"col-sm\" data-type=\"column\"><h5  class=\"color2\"><span  style=\"color: rgb(30, 115, 190);\">Stopcontacten<\/span><span  id=\"_mce_caret\" data-mce-bogus=\"1\" data-mce-type=\"format-caret\"><span  style=\"color: rgb(30, 115, 190);\">\ufeff<\/span><\/span><\/h5> <p  class=\"\">Er moet een stopcontact voorzien zijn op de plek waar de sturing van de Arwell zal worden ge\u00efnstalleerd. Er dient ook een stopcontact voorzien te worden op de plek waar de computer\/tablet zal komen (bij een Arwell Micro is \u00e9\u00e9n stopcontact voldoende).<\/p><\/div> <\/div><\/div> <div  class=\"col-sm-6\"><div  class=\"row space-bottom\"> <div  class=\"col-sm-fit icon-column\"><i  class=\"fa icon fa-sitemap bordered round color1\"><\/i><\/div> <div  class=\"col-sm\" data-type=\"column\"><h5  class=\"color2\"><span  style=\"color: rgb(30, 115, 190);\">Netwerk \/ internet<\/span><\/h5> <p  class=\"\">U dient een netwerkaansluiting (dit moet w\u00e9l UTP-kabel zijn) van uw router naar zowel de sturing als de computer\/tablet te voorzien (bij een Arwell Micro zitten deze 2 in 1, dit wil zeggen \u00e9\u00e9n kabel vanuit de router naar de Arwell Micro).\n<br >Zorg dat u ook over de nodige logingegevens en wachtwoorden van uw router beschik op de dag van plaatsing.<\/p><\/div> <\/div><\/div> <div  class=\"col-sm-6\"><div  class=\"row space-bottom\"> <div  class=\"col-sm-fit icon-column\"><i  class=\"fa icon fa-leanpub bordered round color1\"><\/i><\/div> <div  class=\"col-sm\" data-type=\"column\"><h5  class=\"color2\"><span  style=\"color: rgb(30, 115, 190);\">Handleidingen \/ aansluitschema\u2019s<\/span><\/h5> <p  class=\"\">U dient ook van iedere zonnebank de handleidingen en\/of aansluitschema\u2019s te voorzien, opdat onze technieker de zonnebanken kan aansluiten.<\/p><\/div> <\/div><\/div> <div  class=\"col-sm-6\"> <div  class=\"row space-bottom\"> <div  class=\"col-sm-fit icon-column\"> <i  class=\"fa icon fa-handshake-o bordered round color1\"><\/i> <\/div> <div  class=\"col-sm\" data-type=\"column\"> <h5  class=\"color2\"><span  style=\"color: rgb(30, 115, 190);\">Aanwezigheid van de verantwoordelijke<\/span><\/h5> <p  class=\"\">Op de dag van plaatsing dient de verantwoordelijke, die een korte opleiding over het systeem zal genieten, aanwezig te zijn. Het is zijn\/haar verantwoordelijkheid om deze informatie aan de collega\u2019s door te geven.<\/p><\/div> <\/div><\/div><div  class=\"col-sm-6\"> <div  class=\"row space-bottom\"> <div  class=\"col-sm-fit icon-column\"> <i  class=\"fa icon fa-wrench bordered round color1\"><\/i> <\/div> <div  class=\"col-sm\" data-type=\"column\"> <h5  class=\"color2\"><span  style=\"color: rgb(30, 115, 190);\">Ombouw van uw oude systeem naar Arwell<\/span><\/h5> <p  class=\"\"><span  style=\"font-style: italic;\">Ombouwen is altijd een beetje knutselen <\/span><img decoding=\"async\"  draggable=\"false\" role=\"img\" class=\"emoji\" alt=\"\ud83d\ude09\" src=\"https:\/\/s.w.org\/images\/core\/emoji\/13.0.1\/svg\/1f609.svg\">\n<br ><br >Onze technieker zal met uw toestemming de nodige aanpassingen aan het huidige systeem aanbrengen, voor de afwerking beschikken wij voor de meeste onderdelen over bezels (afwerkingsplaatjes).\n<br ><br >Biljettenlezer,muntproever,vingerscanners,BeID-lezers, \u2026 worden NIET overgenomen uit uw oude systeem, dit om discuties over garantie te vermijden. Wij bieden vanzelfsprekend enkel garantie op de door ons geleverde stukken.&nbsp;\n<br ><br >Als u zelf al voorbereidingen wil treffen kan dit. Afmetingen van de toestellen staan onderaan deze pagina.<\/p><\/div> <\/div><\/div><\/div><\/div> <\/div><div  data-label=\"Features\" data-id=\"features--2\" data-export-id=\"features-12\" data-category=\"features\" class=\"features-12 content-section content-section-spacing \" id=\"features-2\" style=\"background-color: rgb(255, 255, 255);\"><div  class=\"gridContainer\"> <div  class=\"row text-center\"><div  class=\"section-title-col\" data-type=\"column\"> <h2  class=\"\">Voorbereidingen voor specifieke Arwells<\/h2> <\/div> <\/div> <div  class=\"row spaced-cols\" data-type=\"row\"> <div  class=\"col-sm-6\"> <div  class=\"row space-bottom\"> <div  class=\"col-sm-fit icon-column\"> <i  class=\"fa icon fa-lock bordered round color1\"><\/i> <\/div> <div  class=\"col-sm\" data-type=\"column\"> <h5  class=\"color2\"><span  style=\"color: rgb(30, 115, 190);\">TOEGANGSCONTROLE<\/span><\/h5> <p  class=\"\">Indien u toegangscontrole heeft besteld dient u de volgende zaken te voorzien :\n<br ><br >* Ruimte buiten (van minimaal 10 op 15 mm) waar de lezer zal&nbsp; hangen. Hang de lezer niet te laag, zodat klanten gemakkelijk hun identiteitskaart kunnen invoeren. Ideaal is 1,5m vanaf de grond.\n<br >* Een gat van buiten naar binnen (van diameter 18mm) (ter hoogte van het midden van de lezer)<br >* Ruimte aan de binnenkant van de muur waar de controller zal hangen, maximaal 2m verwijderd van de lezer.\n<br >* Een stopcontact, eveneens aan de binnenkant van de muur, om de controller van spanning te voorzien.\n<br >* Een netwerkaansluiting (UTP) van de router\/switch naar deze controller (moet hetzelfde netwerk zijn waarop ook de Arwell zal hangen).\n\n<br >* Elektrische slot in de deur (dit wordt nooit door onze technieker geplaatst).<br >* Bedieningsdraden van het elektrische slot, vanaf de deur naar de Arwell (niet naar de controller !!!).\n<\/p><\/div> <\/div><\/div> <div  class=\"col-sm-6\"><div  class=\"row space-bottom\"> <div  class=\"col-sm-fit icon-column\"><i  class=\"fa icon fa-windows bordered round color1\"><\/i><\/div> <div  class=\"col-sm\" data-type=\"column\"><h5  class=\"color2\"><span  style=\"color: rgb(30, 115, 190);\">COMPUTER \/ TABLET<\/span><\/h5> <p  class=\"\">Indien u een Arwell Mirco bestelde, dient u een computer of tablet te voorzien (OS Windows), waarop de technieker de uitleessoftware kan installeren. Ook deze moet in het netwerk hangen.<\/p><\/div> <\/div><\/div>   <\/div><\/div> <\/div><div  data-label=\"Content\" data-id=\"content--1\" data-export-id=\"content-19-2\" data-category=\"content\" class=\"content-19-2 content-section content-section-spacing white-text\" id=\"content-1\"><div  class=\"gridContainer\"> <div  class=\"row\"><div  class=\"col-sm-5 flexbox-strech center-xs middle-xs no-gutter-col\"> <div  class=\"flexbox middle-xs center-xs right-img\" data-bg=\"image\" style=\"background-image: url(&quot;https:\/\/www.ardeasolutions.eu\/clone\/wp-content\/uploads\/2021\/03\/cropped-2021-03-16_02-13-49.png&quot;);\"><\/div><\/div> <div  data-type=\"column\" class=\"col-sm-6 content-col text-center content-section-spacing space-bottom-xs shadow\"> <h2  class=\"font-300\">Bevoegdheid van onze techniekers<\/h2>  <p  class=\"\">Onze techniekers doen de volgende zaken&nbsp;<span  style=\"text-decoration: underline;\">niet<\/span><span  id=\"_mce_caret\" data-mce-bogus=\"1\" data-mce-type=\"format-caret\"><span  style=\"text-decoration: underline;\">\ufeff<\/span><\/span>&nbsp;:\n<br ><br >* Trekken van kabels\n<br >* Aansluiten van connectors op ethernetkabels\n<br >* Boren van gaten in muren en\/of voorwerpen&nbsp;<br >* Leggen van elektriciteit\n\n<br >* Aansluiten van zonnebanken zonder schema\u2019s\n<br >* Plaatsen van zonnebanken\n<br ><br >\n<br >Tenzij er een uitzondering met schriftelijke goedkeuring van beide partijen is voorzien.<\/p> <\/div> <\/div><\/div> <\/div><div  data-label=\"About\" data-id=\"about--2\" data-export-id=\"about-image-text\" data-category=\"about\" class=\"about-image-text content-section content-section-spacing\" id=\"about-2\" style=\"background-color: rgb(255, 255, 255);\"><div  class=\"gridContainer\"> <div  class=\"row\"><div  class=\"col-sm-6 flexbox-strech center-xs middle-xs no-gutter-col\"> <div  class=\"shadow-large overlap-right-large flexbox middle-xs center-xs left-img\" data-bg=\"image\" style=\"background-image: url(&quot;https:\/\/www.ardeasolutions.eu\/clone\/wp-content\/uploads\/2021\/04\/cropped-cropped-info_Beid.png&quot;);\"><\/div><\/div> <div  class=\"col-sm-6 space-bottom-xs col-padding-small-xs col-sm-padding-large bg-color5 white-text content-col\" data-type=\"column\"><h5  class=\"\">Afmetingen inbouw BeID<\/h5>  <p  class=\"\">Opening in uw frontplaat<br >\n<br >B = 78 mm\n<br >H = 24 mm<\/p><\/div> <\/div><\/div> <\/div><div  data-label=\"About\" data-id=\"about--3\" data-export-id=\"about-text-image\" data-category=\"about\" class=\"about-text-image content-section content-section-spacing\" id=\"about-3\" style=\"background-color: rgb(245, 250, 253);\"><div  class=\"gridContainer\"> <div  class=\"row\"><div  class=\"col-sm-6 col-padding-small-xs col-sm-padding-large bg-color5 white-text content-col\" data-type=\"column\"> <h5  class=\"\">Afmetingen inbouw biljettenlezer<\/h5>  <p  class=\"\">Opening in uw frontplaat\n<br ><br >B = 90 mm\n<br >H = 41 mm<\/p><\/div> <div  class=\"col-sm-6 flexbox-strech center-xs middle-xs no-gutter-col\"><div  class=\"shadow-large overlap-left-large flexbox middle-xs center-xs right-img\" data-bg=\"image\" style=\"background-image: url(&quot;https:\/\/www.ardeasolutions.eu\/clone\/wp-content\/uploads\/2021\/04\/info_NV10.png&quot;);\"><\/div><\/div> <\/div><\/div> <\/div>","protected":false},"excerpt":{"rendered":"<p>Voor een technieker bij u een plaatsing doet dient u de volgende zaken in orde te brengen. Heeft u vragen over \u00e9\u00e9n of meerdere van de hieronder beschreven punten, aarzel niet om ons een e-mail (support@ardeasolutions.eu ) te sturen. Voorbereidingen voor alle Arwells Bij ontbreken en\/of onvolledige zijn van \u00e9\u00e9n of meerdere van de onderstaande&hellip; <br \/> <a class=\"read-more\" href=\"https:\/\/www.ardeasolutions.eu\/clone\/voorbereiding-plaatsing\/\">Lees verder<\/a><\/p>\n","protected":false},"author":1,"featured_media":0,"parent":0,"menu_order":0,"comment_status":"closed","ping_status":"closed","template":"pro\/page-templates\/full-width-page.php","meta":{"_seopress_robots_primary_cat":"","_seopress_titles_title":"","_seopress_titles_desc":"","_seopress_robots_index":"","footnotes":""},"class_list":["post-1150","page","type-page","status-publish","hentry"],"jetpack_sharing_enabled":true,"_links":{"self":[{"href":"https:\/\/www.ardeasolutions.eu\/clone\/wp-json\/wp\/v2\/pages\/1150","targetHints":{"allow":["GET"]}}],"collection":[{"href":"https:\/\/www.ardeasolutions.eu\/clone\/wp-json\/wp\/v2\/pages"}],"about":[{"href":"https:\/\/www.ardeasolutions.eu\/clone\/wp-json\/wp\/v2\/types\/page"}],"author":[{"embeddable":true,"href":"https:\/\/www.ardeasolutions.eu\/clone\/wp-json\/wp\/v2\/users\/1"}],"replies":[{"embeddable":true,"href":"https:\/\/www.ardeasolutions.eu\/clone\/wp-json\/wp\/v2\/comments?post=1150"}],"version-history":[{"count":30,"href":"https:\/\/www.ardeasolutions.eu\/clone\/wp-json\/wp\/v2\/pages\/1150\/revisions"}],"predecessor-version":[{"id":4844,"href":"https:\/\/www.ardeasolutions.eu\/clone\/wp-json\/wp\/v2\/pages\/1150\/revisions\/4844"}],"wp:attachment":[{"href":"https:\/\/www.ardeasolutions.eu\/clone\/wp-json\/wp\/v2\/media?parent=1150"}],"curies":[{"name":"wp","href":"https:\/\/api.w.org\/{rel}","templated":true}]}}